{"id":8409,"date":"2019-10-02T09:47:52","date_gmt":"2019-10-02T09:47:52","guid":{"rendered":"https:\/\/www.mair-research.com\/privacy-policy\/"},"modified":"2023-12-12T15:54:14","modified_gmt":"2023-12-12T15:54:14","slug":"privacy-policy","status":"publish","type":"page","link":"https:\/\/www.mair-research.com\/es\/privacy-policy\/","title":{"rendered":"Privacy Policy"},"content":{"rendered":"\t\t<div data-elementor-type=\"wp-page\" data-elementor-id=\"8409\" class=\"elementor elementor-8409 elementor-3\" data-elementor-settings=\"[]\">\n\t\t\t<div class=\"elementor-inner\">\n\t\t\t\t<div class=\"elementor-section-wrap\">\n\t\t\t\t\t\t\t<section class=\"elementor-element elementor-element-fc65ac5 elementor-section-boxed elementor-section-height-default elementor-section-height-default elementor-section elementor-top-section\" data-id=\"fc65ac5\" data-element_type=\"section\">\n\t\t\t\t\t\t<div class=\"elementor-container elementor-column-gap-default\">\n\t\t\t\t<div class=\"elementor-row\">\n\t\t\t\t<div class=\"elementor-element elementor-element-52c1f95 elementor-column elementor-col-100 elementor-top-column\" data-id=\"52c1f95\" data-element_type=\"column\">\n\t\t\t<div class=\"elementor-column-wrap  elementor-element-populated\">\n\t\t\t\t\t<div class=\"elementor-widget-wrap\">\n\t\t\t\t<div class=\"elementor-element elementor-element-e4d8176 elementor-widget elementor-widget-text-editor\" data-id=\"e4d8176\" data-element_type=\"widget\" data-widget_type=\"text-editor.default\">\n\t\t\t\t<div class=\"elementor-widget-container\">\n\t\t\t\t\t<div class=\"elementor-text-editor elementor-clearfix\"><h2 class=\"ql-align-justify\"><strong>Informativa sul trattamento di dati personali ai sensi del Regolamento (UE) 2016\/679 del Parlamento europeo e del Consiglio del 27 aprile 2016 (GDPR). In vigore dal 19\/06\/2022<\/strong><\/h2><p><strong>PREMESSA<\/strong><\/p><p>La presente informativa tiene conto di quanto indicato dal GDPR e dal Codice della Privacy (D. Lgs 30 giugno 2003 n. 196). Il documento \u00e8 stato redatto anche in base alle Linee Guida del Garante Privacy (soprattutto le Linee Guida di contrasto allo spam emesse dl Garante Privacy il 4 luglio 2013).<\/p><p class=\"ql-align-justify\"><strong>Titolare del Trattamento<\/strong>: Antonio Pavan<\/p><p class=\"ql-align-justify\">Sito al quale si riferisce la presente privacy policy: https:\/\/www.mair-research.com\/ (<strong>Sito<\/strong>).<\/p><p class=\"ql-align-justify\">Il Titolare del Trattamento non ha nominato un DPO. Pertanto, Lei pu\u00f2 inviare qualsiasi richiesta di informazioni direttamente al Titolare del Trattamento.<\/p><p class=\"ql-align-justify\"><strong>INFORMAZIONI GENERALI<\/strong><\/p><p class=\"ql-align-justify\">Il presente documento descrive come il Titolare del Trattamento tratta i Suoi dati personali conferiti sul Sito.<\/p><p class=\"ql-align-justify\">Di seguito vengono descritti i principali trattamenti dei Suoi dati personali. Viene in particolare spiegata la base giuridica del trattamento, se il conferimento \u00e8 obbligatorio e le conseguenze del mancato conferimento di dati personali. Per descrivere al meglio i Suoi diritti, qualora necessario, abbiamo specificato se e quando un determinato trattamento di dati personali non viene effettuato.<\/p><p class=\"ql-align-justify\"><strong>Registrazione sul Sito<\/strong><\/p><p class=\"ql-align-justify\">Il Sito non offre la possibilit\u00e0 di registrazione. Pertanto, il Titolare del Trattamento non tratta i Suoi dati personali per questa finalit\u00e0.<\/p><p class=\"ql-align-justify\"><strong>Acquisti sul Sito<\/strong><\/p><p class=\"ql-align-justify\">Sul Sito non \u00e8 possibile effettuare acquisti. Pertanto, i Suoi dati personali non saranno trattati per questa finalit\u00e0.Il Titolare del Trattamento non tratta i dati dell&#8217;utente per inviare email di \u00abremainder\u00bb di acquisto di prodotti e\/o servizi del Titolare stesso.<\/p><p class=\"ql-align-justify\"><strong>Rispondere alle Sue richieste<\/strong><\/p><p class=\"ql-align-justify\">I Suoi dati verranno trattati per rispondere alle Sue richieste di informazioni. Il conferimento \u00e8 facoltativo, ma il Suo rifiuto comporter\u00e0 l\u2019impossibilit\u00e0 per il Titolare del Trattamento di rispondere alle Sue domande. La base giuridica del trattamento \u00e8 il legittimo interesse del Titolare del Trattamento a dare seguito alle richieste dell\u2019utente. Questo legittimo interesse \u00e8 equivalente all&#8217;interesse dell&#8217;utente a ricevere risposta alle comunicazioni inviate al Titolare del Trattamento.<\/p><p class=\"ql-align-justify\"><strong>Marketing generico<\/strong><\/p><p class=\"ql-align-justify\">Il Titolare del Trattamento non Le invier\u00e0 materiale pubblicitario e\/o newsletter relativo a prodotti propri o di terzi.<\/p><p class=\"ql-align-justify\"><strong>Profilazione<\/strong><\/p><p class=\"ql-align-justify\">Il Titolare del Trattamento non effettua \u00abprofilazione\u00bb con i Suoi dati personali. Pertanto, non Le invier\u00e0 materiale pubblicitario e\/o newsletter relativi a prodotti propri o di terzi di Suo specifico interesse.<\/p><p class=\"ql-align-justify\"><strong>Cessione dei dati<\/strong><\/p><p class=\"ql-align-justify\">Il Titolare del Trattamento non cede a terzi i Suoi dati personali.<\/p><p class=\"ql-align-justify\"><strong>Geolocalizzazione<\/strong><\/p><p class=\"ql-align-justify\">Il Sito non implementa strumenti di geolocalizzazione dell&#8217;indirizzo IP dell&#8217;utente.<\/p><p class=\"ql-align-justify\"><strong>Comunicazione dei dati personali<\/strong><\/p><p class=\"ql-align-justify\">Nell&#8217;ambito della propria ordinaria attivit\u00e0, il Titolare del Trattamento pu\u00f2 comunicare i Suoi dati personali a determinate categorie di soggetti. All&#8217;articolo 2<strong>\u00a0<\/strong>Lei pu\u00f2 trovare l&#8217;elenco dei soggetti ai quali il Titolare del Trattamento comunica i Suoi dati personali. Per agevolare la tutela dei Suoi diritti, l&#8217;articolo 2 pu\u00f2 specificare in alcuni casi quando i Suoi dati non vengono comunicati a terzi.<\/p><p class=\"ql-align-justify\">La \u00abcomunicazione\u00bb a terzi del dato personale \u00e8 diversa dalla \u00abcessione\u00bb (disciplinata al punto che precede). Infatti, nella comunicazione il terzo al quale \u00e8 trasmesso il dato pu\u00f2 usarlo solo per le specifiche finalit\u00e0 descritte nel rapporto con il Titolare del Trattamento. Nella cessione, invece, il terzo diventa Titolare del Trattamento autonomo del dato personale. Inoltre, per cedere i Suoi dati personali a terzi \u00e8 sempre richiesto il Suo consenso.<\/p><p class=\"ql-align-justify\">Fermo quanto precede, resta inteso che il Titolare del Trattamento potr\u00e0 comunque utilizzare i Suoi dati personali per dare corretto adempimento agli obblighi previsti dalle leggi in vigore.<\/p><p class=\"ql-align-justify\"><strong>INFORMATIVA PRIVACY SPECIFICA<\/strong><\/p><p class=\"ql-align-justify\"><strong>Art. 1 Modalit\u00e0 di trattamento<\/strong><\/p><p class=\"ql-align-justify\">1.1 Il trattamento dei Suoi dati personali sar\u00e0 principalmente effettuato con l\u2019ausilio di mezzi elettronici o comunque automatizzati, secondo le modalit\u00e0 e con gli strumenti idonei a garantirne la sicurezza e la riservatezza in conformit\u00e0 al GDPR.<\/p><p class=\"ql-align-justify\">1.2 Le informazioni acquisite e le modalit\u00e0 del trattamento saranno pertinenti e non eccedenti rispetto alla tipologia dei servizi resi. I Suoi dati saranno altres\u00ec gestiti e protetti in ambienti informatici sicuri e adeguati alle circostanze.<\/p><p class=\"ql-align-justify\">1.3 Tramite il Sito non vengono trattati \u00abdati particolari\u00bb. I dati particolari sono quelli che possono rivelare l&#8217;origine razziale ed etnica, le convinzioni religiose, filosofiche o di altro genere, le opinioni politiche, l&#8217;adesione a partiti, sindacati, associazioni od organizzazioni a carattere religioso, filosofico, politico o sindacale, lo stato di salute e la vita sessuale.<\/p><p class=\"ql-align-justify\">1.4 Tramite il Sito non vengono trattati dati giudiziari.<\/p><p class=\"ql-align-justify\"><strong>Art. 2 Comunicazione dei dati personali<\/strong><\/p><p class=\"ql-align-justify\">Il Titolare del Trattamento pu\u00f2 comunicare i Suoi dati personali a categorie determinate di soggetti. Di seguito vengono indicati i soggetti ai quali il Titolare del Trattamento si riserva di comunicare i Suoi dati:<\/p><ul><li class=\"ql-align-justify\">Il Titolare del Trattamento pu\u00f2 comunicare i Suoi dati personali a tutti quei soggetti (ivi incluse le Pubbliche Autorit\u00e0) che hanno accesso ai dati personali in forza di provvedimenti normativi o amministrativi.<\/li><li class=\"ql-align-justify\">I Suoi dati personali possono essere comunicati anche a tutti quei soggetti pubblici e\/o privati, persone fisiche e\/o giuridiche (studi di consulenza legale, amministrativa e fiscale, Uffici Giudiziari, Camere di Commercio, Camere ed Uffici del Lavoro, ecc.), qualora la comunicazione risulti necessaria o funzionale al corretto adempimento degli obblighi derivanti dalla legge.<\/li><li class=\"ql-align-justify\">Il Titolare del Trattamento non si avvale di dipendenti e\/o collaboratori a qualsiasi titolo. Pertanto, i Suoi dati personali non verranno comunicati a questa categoria di soggetti.<\/li><li class=\"ql-align-justify\">Il Titolare del Trattamento non si avvale di societ\u00e0, consulenti o professionisti incaricati dell\u2019installazione, della manutenzione, dell\u2019aggiornamento e, in generale, della gestione degli hardware e software del Titolare del Trattamento. Pertanto, i Suoi dati non verranno comunicati a queste categorie di soggetti.<\/li><li class=\"ql-align-justify\">Il Titolare del Trattamento non si avvale di piattaforme CRM (societ\u00e0 che svolgono in particolare l&#8217;attivit\u00e0 di inviare comunicazioni automatizzate agli utenti). Pertanto, i Suoi dati personali non vengono comunicati a queste societ\u00e0.<\/li><li class=\"ql-align-justify\">Il Titolare del Trattamento non si avvale di societ\u00e0 esterne per prestare il servizio di customer care.<\/li><\/ul><p class=\"ql-align-justify\">Il Titolare si riserva la facolt\u00e0 di modificare il sopra indicato elenco in base alla propria ordinaria operativit\u00e0. Pertanto, Lei \u00e8 invitato ad accedere con regolarit\u00e0 alla presente informativa per controllare a quali soggetti il Titolare del Trattamento comunica i Suoi dati personali.<\/p><p class=\"ql-align-justify\"><strong>Art. 3 Conservazione dei dati personali<\/strong><\/p><p class=\"ql-align-justify\">3.1 Il presente articolo descrive per quanto tempo il Titolare del Trattamento si riserva il diritto di conservare i Suoi dati personali.<\/p><p class=\"ql-align-justify\">\u00a0<\/p><ul><li>I Suoi dati personali saranno conservati per il solo tempo necessario a garantire la corretta prestazione dei servizi offerti tramite il Sito.<\/li><\/ul><p>\u00a0<\/p><p class=\"ql-align-justify\">3.2 Fermo quanto previsto all&#8217;articolo 3.1, il Titolare del Trattamento pu\u00f2 conservare i Suoi dati personali per il tempo richiesto da normative specifiche, come di volta in volta modificate.<\/p><p class=\"ql-align-justify\"><strong>Art. 4 Trasferimento dei dati personali<\/strong><\/p><p class=\"ql-align-justify\">4.1 Il Titolare del Trattamento ha sede all&#8217;interno dell&#8217;Unione europea. Pertanto, il trattamento dei Suoi dati \u00e8 sicuro dal punto di vista normativo in quanto disciplinato dal GDPR. Qualora il trasferimento dei Suoi dati personali avvenga in un Paese extra-UE e per il quale la Commissione europea ha espresso un giudizio di adeguatezza, il trasferimento si ritiene in ogni caso sicuro dal punto di vista normativo. Il presente articolo 4.1 indica di volta in volta i Paesi nei quali i Suoi dati personali possono essere eventualmente trasferiti e dove la Commissione europea ha espresso un giudizio di adeguatezza.<\/p><ul><li>Si invita pertanto l&#8217;utente ad accedere con regolarit\u00e0 al presente articolo per verificare se il trasferimento dei Suoi dati personali avviene in un Paese con queste caratteristiche.<\/li><\/ul><p>\u00a0<\/p><p class=\"ql-align-justify\">4.2 Fermo quanto indicato all&#8217;articolo 4.1, i Suoi dati possono essere trasferiti anche in Paesi extra-UE e per i quali la Commissione europea non ha espresso un giudizio di adeguatezza. Lei \u00e8 pertanto invitato a visionare con regolarit\u00e0 il presente articolo 4.2 per appurare in quali di questi Paesi i Suoi dati sono eventualmente trasferiti.<\/p><p class=\"ql-align-justify\">4.3 In questo articolo il Titolare del Trattamento indica i Paesi presso i quali eventualmente dirige in modo specifico la propria attivit\u00e0. Questa circostanza pu\u00f2 implicare l&#8217;applicazione della normativa del Paese di riferimento, unitamente a quella del GDPR.\u00a0<\/p><p class=\"ql-align-justify\">\u00a0<\/p><ul><li>Su richiesta dell&#8217;utente, il Titolare del Trattamento applicher\u00e0 al trattamento dei dati personali la normativa eventualmente pi\u00f9 favorevole prevista dalla legislazione nazionale dell&#8217;utente stesso.<\/li><\/ul><p>\u00a0<\/p><p class=\"ql-align-justify\"><strong>Art. 5. Diritti dell&#8217;interessato<\/strong><\/p><p class=\"ql-align-justify\">Ai sensi dell\u2019art. 13 del Regolamento Privacy, il Titolare del Trattamento La informa che Lei ha diritto di:<\/p><ul><li class=\"ql-align-justify\">chiedere al Titolare del Trattamento l\u2019accesso ai Suoi dati personali e la rettifica o la cancellazione degli stessi o la limitazione del trattamento che La riguardano o di opporsi al loro trattamento, oltre al diritto alla portabilit\u00e0 dei dati<\/li><li class=\"ql-align-justify\">revocare il consenso in qualsiasi momento senza pregiudicare la liceit\u00e0 del trattamento basata sul consenso prestato prima della revoca<\/li><li class=\"ql-align-justify\">proporre reclamo a un\u2019autorit\u00e0 di controllo (es.: il Garante per la protezione dei dati personali).<\/li><\/ul><p class=\"ql-align-justify\">I diritti di cui sopra potranno essere esercitati con richiesta rivolta senza formalit\u00e0 ai contatti indicati in Premessa.<\/p><p class=\"ql-align-justify\"><strong>Art. 6. Modifiche e Miscellanea<\/strong><\/p><p class=\"ql-align-justify\">Il Titolare del Trattamento si riserva il diritto di apportare modifiche alla presente informativa in qualsiasi momento, dandone idonea pubblicit\u00e0 agli utenti del Sito e garantendo in ogni caso una adeguata ed analoga protezione dei dati personali. Al fine di visionare eventuali modifiche, Lei \u00e8 invitato a consultare con regolarit\u00e0 la presente informativa. In caso di modifiche sostanziali alla presente informativa privacy, il Titolare del Trattamento ne potr\u00e0 dare comunicazione anche tramite email.<\/p><\/div>\n\t\t\t\t<\/div>\n\t\t\t\t<\/div>\n\t\t\t\t\t\t<\/div>\n\t\t\t<\/div>\n\t\t<\/div>\n\t\t\t\t\t\t<\/div>\n\t\t\t<\/div>\n\t\t<\/section>\n\t\t\t\t\t\t<\/div>\n\t\t\t<\/div>\n\t\t<\/div>\n\t\t","protected":false},"excerpt":{"rendered":"<p>Informativa sul trattamento di dati personali ai sensi del Regolamento (UE) 2016\/679 del Parlamento europeo e del Consiglio&#8230;<\/p>\n","protected":false},"author":1,"featured_media":0,"parent":0,"menu_order":0,"comment_status":"closed","ping_status":"closed","template":"elementor_canvas","meta":[],"_links":{"self":[{"href":"https:\/\/www.mair-research.com\/es\/wp-json\/wp\/v2\/pages\/8409"}],"collection":[{"href":"https:\/\/www.mair-research.com\/es\/wp-json\/wp\/v2\/pages"}],"about":[{"href":"https:\/\/www.mair-research.com\/es\/wp-json\/wp\/v2\/types\/page"}],"author":[{"embeddable":true,"href":"https:\/\/www.mair-research.com\/es\/wp-json\/wp\/v2\/users\/1"}],"replies":[{"embeddable":true,"href":"https:\/\/www.mair-research.com\/es\/wp-json\/wp\/v2\/comments?post=8409"}],"version-history":[{"count":15,"href":"https:\/\/www.mair-research.com\/es\/wp-json\/wp\/v2\/pages\/8409\/revisions"}],"predecessor-version":[{"id":8989,"href":"https:\/\/www.mair-research.com\/es\/wp-json\/wp\/v2\/pages\/8409\/revisions\/8989"}],"wp:attachment":[{"href":"https:\/\/www.mair-research.com\/es\/wp-json\/wp\/v2\/media?parent=8409"}],"curies":[{"name":"wp","href":"https:\/\/api.w.org\/{rel}","templated":true}]}}