{"id":5933,"date":"2020-10-24T13:50:04","date_gmt":"2020-10-24T13:50:04","guid":{"rendered":"http:\/\/www.s-pcdemo.com\/mair\/?page_id=5933"},"modified":"2023-12-12T09:25:12","modified_gmt":"2023-12-12T09:25:12","slug":"maquinas-de-corte-tubos","status":"publish","type":"page","link":"https:\/\/www.mair-research.com\/es\/maquinas-de-corte-tubos\/","title":{"rendered":"Maquinas de corte tubos"},"content":{"rendered":"\t\t<div data-elementor-type=\"wp-post\" data-elementor-id=\"5933\" class=\"elementor elementor-5933 elementor-4888\" data-elementor-settings=\"[]\">\n\t\t\t<div class=\"elementor-inner\">\n\t\t\t\t<div class=\"elementor-section-wrap\">\n\t\t\t\t\t\t\t<section data-particle_enable=\"false\" data-particle-mobile-disabled=\"false\" class=\"elementor-element elementor-element-593f6a1 elementor-section-height-min-height elementor-section-content-middle elementor-section-stretched elementor-section-full_width elementor-section-height-default elementor-section-items-middle elementor-section elementor-top-section\" data-id=\"593f6a1\" data-element_type=\"section\" data-settings=\"{&quot;background_background&quot;:&quot;classic&quot;,&quot;stretch_section&quot;:&quot;section-stretched&quot;}\">\n\t\t\t\t\t\t\t<div class=\"elementor-background-overlay\"><\/div>\n\t\t\t\t\t\t\t<div class=\"elementor-container elementor-column-gap-default\">\n\t\t\t\t<div class=\"elementor-row\">\n\t\t\t\t<div class=\"elementor-element elementor-element-6d65ba1 elementor-column elementor-col-100 elementor-top-column\" data-id=\"6d65ba1\" data-element_type=\"column\">\n\t\t\t<div class=\"elementor-column-wrap  elementor-element-populated\">\n\t\t\t\t\t<div class=\"elementor-widget-wrap\">\n\t\t\t\t<div class=\"elementor-element elementor-element-bb14fb1 elementor-widget elementor-widget-text-editor\" data-id=\"bb14fb1\" data-element_type=\"widget\" data-widget_type=\"text-editor.default\">\n\t\t\t\t<div class=\"elementor-widget-container\">\n\t\t\t\t\t<div class=\"elementor-text-editor elementor-clearfix\"><p style=\"font-size: 20px; text-align: left;\"><span style=\"color: #ffffff;\"><a style=\"color: #ffffff;\" href=\"https:\/\/www.mair-research.com\/es\/\">Home<\/a> | <a style=\"color: #ffffff;\" href=\"https:\/\/www.mair-research.com\/es\/division-tubos\/\">Divisi\u00f3n Tubos<\/a><\/span><\/p><\/div>\n\t\t\t\t<\/div>\n\t\t\t\t<\/div>\n\t\t\t\t\t\t<\/div>\n\t\t\t<\/div>\n\t\t<\/div>\n\t\t\t\t\t\t<\/div>\n\t\t\t<\/div>\n\t\t<\/section>\n\t\t\t\t<section data-particle_enable=\"false\" data-particle-mobile-disabled=\"false\" class=\"elementor-element elementor-element-0fc18e8 animated-slow elementor-section-boxed elementor-section-height-default elementor-section-height-default elementor-invisible elementor-section elementor-top-section\" data-id=\"0fc18e8\" data-element_type=\"section\" data-settings=\"{&quot;animation&quot;:&quot;fadeInUp&quot;}\">\n\t\t\t\t\t\t<div class=\"elementor-container elementor-column-gap-default\">\n\t\t\t\t<div class=\"elementor-row\">\n\t\t\t\t<div class=\"elementor-element elementor-element-6c1542a elementor-column elementor-col-100 elementor-top-column\" data-id=\"6c1542a\" data-element_type=\"column\">\n\t\t\t<div class=\"elementor-column-wrap  elementor-element-populated\">\n\t\t\t\t\t<div class=\"elementor-widget-wrap\">\n\t\t\t\t<section data-particle_enable=\"false\" data-particle-mobile-disabled=\"false\" class=\"elementor-element elementor-element-780e126 elementor-section-boxed elementor-section-height-default elementor-section-height-default elementor-section elementor-inner-section\" data-id=\"780e126\" data-element_type=\"section\">\n\t\t\t\t\t\t<div class=\"elementor-container elementor-column-gap-default\">\n\t\t\t\t<div class=\"elementor-row\">\n\t\t\t\t<div class=\"elementor-element elementor-element-9dce008 elementor-column elementor-col-50 elementor-inner-column\" data-id=\"9dce008\" data-element_type=\"column\">\n\t\t\t<div class=\"elementor-column-wrap  elementor-element-populated\">\n\t\t\t\t\t<div class=\"elementor-widget-wrap\">\n\t\t\t\t<div class=\"elementor-element elementor-element-97e3f6e elementor-widget elementor-widget-image\" data-id=\"97e3f6e\" data-element_type=\"widget\" data-widget_type=\"image.default\">\n\t\t\t\t<div class=\"elementor-widget-container\">\n\t\t\t\t\t<div class=\"elementor-image\">\n\t\t\t\t\t\t\t<figure class=\"wp-caption\">\n\t\t\t\t\t\t\t\t\t\t<img width=\"1000\" height=\"700\" src=\"https:\/\/www.mair-research.com\/wp-content\/uploads\/2020\/05\/macchine-di-taglio-tubi-intro.jpg\" class=\"attachment-full size-full\" alt=\"\" loading=\"lazy\" srcset=\"https:\/\/www.mair-research.com\/wp-content\/uploads\/2020\/05\/macchine-di-taglio-tubi-intro.jpg 1000w, https:\/\/www.mair-research.com\/wp-content\/uploads\/2020\/05\/macchine-di-taglio-tubi-intro-300x210.jpg 300w, https:\/\/www.mair-research.com\/wp-content\/uploads\/2020\/05\/macchine-di-taglio-tubi-intro-768x538.jpg 768w, https:\/\/www.mair-research.com\/wp-content\/uploads\/2020\/05\/macchine-di-taglio-tubi-intro-285x200.jpg 285w\" sizes=\"(max-width: 1000px) 100vw, 1000px\" \/>\t\t\t\t\t\t\t\t\t\t\t<figcaption class=\"widget-image-caption wp-caption-text\">Maquinas de corte MC 100<\/figcaption>\n\t\t\t\t\t\t\t\t\t\t<\/figure>\n\t\t\t\t\t<\/div>\n\t\t\t\t<\/div>\n\t\t\t\t<\/div>\n\t\t\t\t\t\t<\/div>\n\t\t\t<\/div>\n\t\t<\/div>\n\t\t\t\t<div class=\"elementor-element elementor-element-ce81f18 elementor-column elementor-col-50 elementor-inner-column\" data-id=\"ce81f18\" data-element_type=\"column\">\n\t\t\t<div class=\"elementor-column-wrap  elementor-element-populated\">\n\t\t\t\t\t<div class=\"elementor-widget-wrap\">\n\t\t\t\t<div class=\"elementor-element elementor-element-0e9233f elementor-widget elementor-widget-heading\" data-id=\"0e9233f\" data-element_type=\"widget\" data-widget_type=\"heading.default\">\n\t\t\t\t<div class=\"elementor-widget-container\">\n\t\t\t<h1 class=\"elementor-heading-title elementor-size-default\">MAQUINAS DE CORTE<\/h1>\t\t<\/div>\n\t\t\t\t<\/div>\n\t\t\t\t<div class=\"elementor-element elementor-element-65d753c elementor-widget elementor-widget-text-editor\" data-id=\"65d753c\" data-element_type=\"widget\" data-widget_type=\"text-editor.default\">\n\t\t\t\t<div class=\"elementor-widget-container\">\n\t\t\t\t\t<div class=\"elementor-text-editor elementor-clearfix\"><p class=\"desc_sub\">A fines de la d\u00e9cada de 1970, Mair Research comenz\u00f3 a producir m\u00e1quinas de corte de cabezales m\u00faltiples para satisfacer las necesidades de l\u00edneas de alta productividad. Gracias a la experiencia adquirida, ahora podemos ofrecer innumerables soluciones integradas en el mercado debujadas para las necesidades individuales.<\/p> <p class=\"desc_sub\">Las m\u00e1quinas de corte est\u00e1ticas, m\u00f3viles o de cabezales m\u00faltiples ofrecen un alto grado de repetibilidad y calidad del corte. Las cabezas de corte completamente construidas dentro de nuestros talleres garantizan una fiabilidad absoluta. Los diversos tama\u00f1os disponibles permiten trabajar barras de 10 mm a 250 mm de di\u00e1metro.<\/p><\/div>\n\t\t\t\t<\/div>\n\t\t\t\t<\/div>\n\t\t\t\t\t\t<\/div>\n\t\t\t<\/div>\n\t\t<\/div>\n\t\t\t\t\t\t<\/div>\n\t\t\t<\/div>\n\t\t<\/section>\n\t\t\t\t<section data-particle_enable=\"false\" data-particle-mobile-disabled=\"false\" class=\"elementor-element elementor-element-949bab7 elementor-section-boxed elementor-section-height-default elementor-section-height-default elementor-section elementor-inner-section\" data-id=\"949bab7\" data-element_type=\"section\">\n\t\t\t\t\t\t<div class=\"elementor-container elementor-column-gap-default\">\n\t\t\t\t<div class=\"elementor-row\">\n\t\t\t\t<div class=\"elementor-element elementor-element-d1c6ea4 elementor-column elementor-col-100 elementor-inner-column\" data-id=\"d1c6ea4\" data-element_type=\"column\">\n\t\t\t<div class=\"elementor-column-wrap  elementor-element-populated\">\n\t\t\t\t\t<div class=\"elementor-widget-wrap\">\n\t\t\t\t<div class=\"elementor-element elementor-element-1aa6f7a elementor-widget elementor-widget-spacer\" data-id=\"1aa6f7a\" data-element_type=\"widget\" data-widget_type=\"spacer.default\">\n\t\t\t\t<div class=\"elementor-widget-container\">\n\t\t\t\t\t<div class=\"elementor-spacer\">\n\t\t\t<div class=\"elementor-spacer-inner\"><\/div>\n\t\t<\/div>\n\t\t\t\t<\/div>\n\t\t\t\t<\/div>\n\t\t\t\t\t\t<\/div>\n\t\t\t<\/div>\n\t\t<\/div>\n\t\t\t\t\t\t<\/div>\n\t\t\t<\/div>\n\t\t<\/section>\n\t\t\t\t<section data-particle_enable=\"false\" data-particle-mobile-disabled=\"false\" class=\"elementor-element elementor-element-111cb62 elementor-section-boxed elementor-section-height-default elementor-section-height-default elementor-section elementor-inner-section\" data-id=\"111cb62\" data-element_type=\"section\" data-settings=\"{&quot;background_background&quot;:&quot;classic&quot;}\">\n\t\t\t\t\t\t<div class=\"elementor-container elementor-column-gap-default\">\n\t\t\t\t<div class=\"elementor-row\">\n\t\t\t\t<div class=\"elementor-element elementor-element-f5caede elementor-column elementor-col-33 elementor-inner-column\" data-id=\"f5caede\" data-element_type=\"column\">\n\t\t\t<div class=\"elementor-column-wrap  elementor-element-populated\">\n\t\t\t\t\t<div class=\"elementor-widget-wrap\">\n\t\t\t\t<div class=\"elementor-element elementor-element-ef4295e elementor-widget elementor-widget-image\" data-id=\"ef4295e\" data-element_type=\"widget\" data-widget_type=\"image.default\">\n\t\t\t\t<div class=\"elementor-widget-container\">\n\t\t\t\t\t<div class=\"elementor-image\">\n\t\t\t\t\t\t\t<figure class=\"wp-caption\">\n\t\t\t\t\t\t\t\t\t\t<img width=\"800\" height=\"561\" src=\"https:\/\/www.mair-research.com\/wp-content\/uploads\/2020\/05\/macchine-di-taglio-tubi-foto1.jpg\" class=\"attachment-full size-full\" alt=\"\" loading=\"lazy\" srcset=\"https:\/\/www.mair-research.com\/wp-content\/uploads\/2020\/05\/macchine-di-taglio-tubi-foto1.jpg 800w, https:\/\/www.mair-research.com\/wp-content\/uploads\/2020\/05\/macchine-di-taglio-tubi-foto1-300x210.jpg 300w, https:\/\/www.mair-research.com\/wp-content\/uploads\/2020\/05\/macchine-di-taglio-tubi-foto1-768x539.jpg 768w, https:\/\/www.mair-research.com\/wp-content\/uploads\/2020\/05\/macchine-di-taglio-tubi-foto1-285x200.jpg 285w\" sizes=\"(max-width: 800px) 100vw, 800px\" \/>\t\t\t\t\t\t\t\t\t\t\t<figcaption class=\"widget-image-caption wp-caption-text\">Maquinas de corte FCA 700<\/figcaption>\n\t\t\t\t\t\t\t\t\t\t<\/figure>\n\t\t\t\t\t<\/div>\n\t\t\t\t<\/div>\n\t\t\t\t<\/div>\n\t\t\t\t\t\t<\/div>\n\t\t\t<\/div>\n\t\t<\/div>\n\t\t\t\t<div class=\"elementor-element elementor-element-45339a6 elementor-column elementor-col-33 elementor-inner-column\" data-id=\"45339a6\" data-element_type=\"column\">\n\t\t\t<div class=\"elementor-column-wrap  elementor-element-populated\">\n\t\t\t\t\t<div class=\"elementor-widget-wrap\">\n\t\t\t\t<div class=\"elementor-element elementor-element-d5b586d elementor-widget elementor-widget-image\" data-id=\"d5b586d\" data-element_type=\"widget\" data-widget_type=\"image.default\">\n\t\t\t\t<div class=\"elementor-widget-container\">\n\t\t\t\t\t<div class=\"elementor-image\">\n\t\t\t\t\t\t\t<figure class=\"wp-caption\">\n\t\t\t\t\t\t\t\t\t\t<img width=\"800\" height=\"561\" src=\"https:\/\/www.mair-research.com\/wp-content\/uploads\/2020\/05\/macchine-di-taglio-tubi-foto2.jpg\" class=\"attachment-full size-full\" alt=\"\" loading=\"lazy\" srcset=\"https:\/\/www.mair-research.com\/wp-content\/uploads\/2020\/05\/macchine-di-taglio-tubi-foto2.jpg 800w, https:\/\/www.mair-research.com\/wp-content\/uploads\/2020\/05\/macchine-di-taglio-tubi-foto2-300x210.jpg 300w, https:\/\/www.mair-research.com\/wp-content\/uploads\/2020\/05\/macchine-di-taglio-tubi-foto2-768x539.jpg 768w, https:\/\/www.mair-research.com\/wp-content\/uploads\/2020\/05\/macchine-di-taglio-tubi-foto2-285x200.jpg 285w\" sizes=\"(max-width: 800px) 100vw, 800px\" \/>\t\t\t\t\t\t\t\t\t\t\t<figcaption class=\"widget-image-caption wp-caption-text\">Maquinas de corte TRA 3000<\/figcaption>\n\t\t\t\t\t\t\t\t\t\t<\/figure>\n\t\t\t\t\t<\/div>\n\t\t\t\t<\/div>\n\t\t\t\t<\/div>\n\t\t\t\t\t\t<\/div>\n\t\t\t<\/div>\n\t\t<\/div>\n\t\t\t\t<div class=\"elementor-element elementor-element-30c9ace elementor-column elementor-col-33 elementor-inner-column\" data-id=\"30c9ace\" data-element_type=\"column\">\n\t\t\t<div class=\"elementor-column-wrap  elementor-element-populated\">\n\t\t\t\t\t<div class=\"elementor-widget-wrap\">\n\t\t\t\t<div class=\"elementor-element elementor-element-1997e5e elementor-widget elementor-widget-image\" data-id=\"1997e5e\" data-element_type=\"widget\" data-widget_type=\"image.default\">\n\t\t\t\t<div class=\"elementor-widget-container\">\n\t\t\t\t\t<div class=\"elementor-image\">\n\t\t\t\t\t\t\t<figure class=\"wp-caption\">\n\t\t\t\t\t\t\t\t\t\t<img width=\"800\" height=\"561\" src=\"https:\/\/www.mair-research.com\/wp-content\/uploads\/2020\/05\/macchine-di-taglio-tubi-foto3.jpg\" class=\"attachment-full size-full\" alt=\"\" loading=\"lazy\" srcset=\"https:\/\/www.mair-research.com\/wp-content\/uploads\/2020\/05\/macchine-di-taglio-tubi-foto3.jpg 800w, https:\/\/www.mair-research.com\/wp-content\/uploads\/2020\/05\/macchine-di-taglio-tubi-foto3-300x210.jpg 300w, https:\/\/www.mair-research.com\/wp-content\/uploads\/2020\/05\/macchine-di-taglio-tubi-foto3-768x539.jpg 768w, https:\/\/www.mair-research.com\/wp-content\/uploads\/2020\/05\/macchine-di-taglio-tubi-foto3-285x200.jpg 285w\" sizes=\"(max-width: 800px) 100vw, 800px\" \/>\t\t\t\t\t\t\t\t\t\t\t<figcaption class=\"widget-image-caption wp-caption-text\">Maquinas de corte MC 160<\/figcaption>\n\t\t\t\t\t\t\t\t\t\t<\/figure>\n\t\t\t\t\t<\/div>\n\t\t\t\t<\/div>\n\t\t\t\t<\/div>\n\t\t\t\t\t\t<\/div>\n\t\t\t<\/div>\n\t\t<\/div>\n\t\t\t\t\t\t<\/div>\n\t\t\t<\/div>\n\t\t<\/section>\n\t\t\t\t\t\t<\/div>\n\t\t\t<\/div>\n\t\t<\/div>\n\t\t\t\t\t\t<\/div>\n\t\t\t<\/div>\n\t\t<\/section>\n\t\t\t\t<section data-particle_enable=\"false\" data-particle-mobile-disabled=\"false\" class=\"elementor-element elementor-element-75941dc animated-slow elementor-section-boxed elementor-section-height-default elementor-section-height-default elementor-invisible elementor-section elementor-top-section\" data-id=\"75941dc\" data-element_type=\"section\" data-settings=\"{&quot;animation&quot;:&quot;fadeInUp&quot;,&quot;background_background&quot;:&quot;classic&quot;}\">\n\t\t\t\t\t\t<div class=\"elementor-container elementor-column-gap-default\">\n\t\t\t\t<div class=\"elementor-row\">\n\t\t\t\t<div class=\"elementor-element elementor-element-513048e elementor-column elementor-col-100 elementor-top-column\" data-id=\"513048e\" data-element_type=\"column\">\n\t\t\t<div class=\"elementor-column-wrap  elementor-element-populated\">\n\t\t\t\t\t<div class=\"elementor-widget-wrap\">\n\t\t\t\t<section data-particle_enable=\"false\" data-particle-mobile-disabled=\"false\" class=\"elementor-element elementor-element-0974de5 elementor-section-boxed elementor-section-height-default elementor-section-height-default elementor-section elementor-inner-section\" data-id=\"0974de5\" data-element_type=\"section\">\n\t\t\t\t\t\t<div class=\"elementor-container elementor-column-gap-default\">\n\t\t\t\t<div class=\"elementor-row\">\n\t\t\t\t<div class=\"elementor-element elementor-element-851bfbb elementor-column elementor-col-100 elementor-inner-column\" data-id=\"851bfbb\" data-element_type=\"column\">\n\t\t\t<div class=\"elementor-column-wrap  elementor-element-populated\">\n\t\t\t\t\t<div class=\"elementor-widget-wrap\">\n\t\t\t\t<div class=\"elementor-element elementor-element-390bf96 elementor-widget elementor-widget-text-editor\" data-id=\"390bf96\" data-element_type=\"widget\" data-widget_type=\"text-editor.default\">\n\t\t\t\t<div class=\"elementor-widget-container\">\n\t\t\t\t\t<div class=\"elementor-text-editor elementor-clearfix\">\nSolicitud de informaci\u00f3n<\/div>\n\t\t\t\t<\/div>\n\t\t\t\t<\/div>\n\t\t\t\t<div class=\"elementor-element elementor-element-5a284dc elementor-widget elementor-widget-text-editor\" data-id=\"5a284dc\" data-element_type=\"widget\" data-widget_type=\"text-editor.default\">\n\t\t\t\t<div class=\"elementor-widget-container\">\n\t\t\t\t\t<div class=\"elementor-text-editor elementor-clearfix\">\u00bfQuieres m\u00e1s informaci\u00f3n sobre nuestras m\u00e1quinas?<\/div>\n\t\t\t\t<\/div>\n\t\t\t\t<\/div>\n\t\t\t\t<div class=\"elementor-element elementor-element-d28b8f6 elementor-align-center elementor-mobile-align-center elementor-widget elementor-widget-button\" data-id=\"d28b8f6\" data-element_type=\"widget\" data-widget_type=\"button.default\">\n\t\t\t\t<div class=\"elementor-widget-container\">\n\t\t\t\t\t<div class=\"elementor-button-wrapper\">\n\t\t\t<a href=\"https:\/\/www.mair-research.com\/es\/contactos\/\" class=\"elementor-button-link elementor-button elementor-size-md\" role=\"button\">\n\t\t\t\t\t\t<span class=\"elementor-button-content-wrapper\">\n\t\t\t\t\t\t<span class=\"elementor-button-text\">Cont\u00e1ctenos<\/span>\n\t\t<\/span>\n\t\t\t\t\t<\/a>\n\t\t<\/div>\n\t\t\t\t<\/div>\n\t\t\t\t<\/div>\n\t\t\t\t\t\t<\/div>\n\t\t\t<\/div>\n\t\t<\/div>\n\t\t\t\t\t\t<\/div>\n\t\t\t<\/div>\n\t\t<\/section>\n\t\t\t\t\t\t<\/div>\n\t\t\t<\/div>\n\t\t<\/div>\n\t\t\t\t\t\t<\/div>\n\t\t\t<\/div>\n\t\t<\/section>\n\t\t\t\t<section data-particle_enable=\"false\" data-particle-mobile-disabled=\"false\" class=\"elementor-element elementor-element-deff37e elementor-section-boxed elementor-section-height-default elementor-section-height-default elementor-section elementor-top-section\" data-id=\"deff37e\" data-element_type=\"section\" data-settings=\"{&quot;background_background&quot;:&quot;gradient&quot;}\">\n\t\t\t\t\t\t<div class=\"elementor-container elementor-column-gap-default\">\n\t\t\t\t<div class=\"elementor-row\">\n\t\t\t\t<div class=\"elementor-element elementor-element-84021b4 elementor-column elementor-col-100 elementor-top-column\" data-id=\"84021b4\" data-element_type=\"column\">\n\t\t\t<div class=\"elementor-column-wrap  elementor-element-populated\">\n\t\t\t\t\t<div class=\"elementor-widget-wrap\">\n\t\t\t\t<div class=\"elementor-element elementor-element-48c02c2 elementor-position-left elementor-vertical-align-middle elementor-widget elementor-widget-image-box\" data-id=\"48c02c2\" data-element_type=\"widget\" data-widget_type=\"image-box.default\">\n\t\t\t\t<div class=\"elementor-widget-container\">\n\t\t\t<div class=\"elementor-image-box-wrapper\"><figure class=\"elementor-image-box-img\"><img width=\"150\" height=\"144\" src=\"https:\/\/www.mair-research.com\/wp-content\/uploads\/2020\/02\/ISO_9001-dnv-gl-mair-research150.png\" class=\"attachment-full size-full\" alt=\"\" loading=\"lazy\" \/><\/figure><div class=\"elementor-image-box-content\"><h3 class=\"elementor-image-box-title\">La excelencia de nuestra producci\u00f3n queda demostrada por la adopci\u00f3n de la certificaci\u00f3n ISO 9001 extendida al dise\u00f1o.<\/h3><\/div><\/div>\t\t<\/div>\n\t\t\t\t<\/div>\n\t\t\t\t\t\t<\/div>\n\t\t\t<\/div>\n\t\t<\/div>\n\t\t\t\t\t\t<\/div>\n\t\t\t<\/div>\n\t\t<\/section>\n\t\t\t\t\t\t<\/div>\n\t\t\t<\/div>\n\t\t<\/div>\n\t\t","protected":false},"excerpt":{"rendered":"<p>Home | Divisi\u00f3n Tubos Maquinas de corte MC 100 MAQUINAS DE CORTE A fines de la d\u00e9cada de&#8230;<\/p>\n","protected":false},"author":1,"featured_media":0,"parent":0,"menu_order":0,"comment_status":"closed","ping_status":"closed","template":"elementor_canvas","meta":[],"_links":{"self":[{"href":"https:\/\/www.mair-research.com\/es\/wp-json\/wp\/v2\/pages\/5933"}],"collection":[{"href":"https:\/\/www.mair-research.com\/es\/wp-json\/wp\/v2\/pages"}],"about":[{"href":"https:\/\/www.mair-research.com\/es\/wp-json\/wp\/v2\/types\/page"}],"author":[{"embeddable":true,"href":"https:\/\/www.mair-research.com\/es\/wp-json\/wp\/v2\/users\/1"}],"replies":[{"embeddable":true,"href":"https:\/\/www.mair-research.com\/es\/wp-json\/wp\/v2\/comments?post=5933"}],"version-history":[{"count":9,"href":"https:\/\/www.mair-research.com\/es\/wp-json\/wp\/v2\/pages\/5933\/revisions"}],"predecessor-version":[{"id":8934,"href":"https:\/\/www.mair-research.com\/es\/wp-json\/wp\/v2\/pages\/5933\/revisions\/8934"}],"wp:attachment":[{"href":"https:\/\/www.mair-research.com\/es\/wp-json\/wp\/v2\/media?parent=5933"}],"curies":[{"name":"wp","href":"https:\/\/api.w.org\/{rel}","templated":true}]}}