{"id":5930,"date":"2020-10-24T13:49:41","date_gmt":"2020-10-24T13:49:41","guid":{"rendered":"http:\/\/www.s-pcdemo.com\/mair\/?page_id=5930"},"modified":"2023-12-12T09:33:03","modified_gmt":"2023-12-12T09:33:03","slug":"maquinas-de-corte-con-disco-abrasivo","status":"publish","type":"page","link":"https:\/\/www.mair-research.com\/es\/maquinas-de-corte-con-disco-abrasivo\/","title":{"rendered":"Maquinas de corte con disco abrasivo"},"content":{"rendered":"\t\t<div data-elementor-type=\"wp-post\" data-elementor-id=\"5930\" class=\"elementor elementor-5930 elementor-4775\" data-elementor-settings=\"[]\">\n\t\t\t<div class=\"elementor-inner\">\n\t\t\t\t<div class=\"elementor-section-wrap\">\n\t\t\t\t\t\t\t<section class=\"elementor-element elementor-element-2110c5f elementor-section-height-min-height elementor-section-content-middle elementor-section-stretched elementor-section-full_width elementor-section-height-default elementor-section-items-middle elementor-section elementor-top-section\" data-id=\"2110c5f\" data-element_type=\"section\" data-settings=\"{&quot;background_background&quot;:&quot;classic&quot;,&quot;stretch_section&quot;:&quot;section-stretched&quot;}\">\n\t\t\t\t\t\t\t<div class=\"elementor-background-overlay\"><\/div>\n\t\t\t\t\t\t\t<div class=\"elementor-container elementor-column-gap-default\">\n\t\t\t\t<div class=\"elementor-row\">\n\t\t\t\t<div class=\"elementor-element elementor-element-3cefb23 elementor-column elementor-col-100 elementor-top-column\" data-id=\"3cefb23\" data-element_type=\"column\">\n\t\t\t<div class=\"elementor-column-wrap  elementor-element-populated\">\n\t\t\t\t\t<div class=\"elementor-widget-wrap\">\n\t\t\t\t<div class=\"elementor-element elementor-element-6e58aee elementor-widget elementor-widget-text-editor\" data-id=\"6e58aee\" data-element_type=\"widget\" data-widget_type=\"text-editor.default\">\n\t\t\t\t<div class=\"elementor-widget-container\">\n\t\t\t\t\t<div class=\"elementor-text-editor elementor-clearfix\"><p style=\"font-size: 20px; text-align: left;\"><span style=\"color: #ffffff;\"><a style=\"color: #ffffff;\" href=\"https:\/\/www.mair-research.com\/es\/\">Home<\/a> | <a style=\"color: #ffffff;\" href=\"https:\/\/www.mair-research.com\/es\/division-barras\/\">Divisi\u00f3n Barras<\/a><\/span><\/p><\/div>\n\t\t\t\t<\/div>\n\t\t\t\t<\/div>\n\t\t\t\t\t\t<\/div>\n\t\t\t<\/div>\n\t\t<\/div>\n\t\t\t\t\t\t<\/div>\n\t\t\t<\/div>\n\t\t<\/section>\n\t\t\t\t<section class=\"elementor-element elementor-element-802f807 animated-slow elementor-section-boxed elementor-section-height-default elementor-section-height-default elementor-invisible elementor-section elementor-top-section\" data-id=\"802f807\" data-element_type=\"section\" data-settings=\"{&quot;animation&quot;:&quot;fadeInUp&quot;}\">\n\t\t\t\t\t\t<div class=\"elementor-container elementor-column-gap-default\">\n\t\t\t\t<div class=\"elementor-row\">\n\t\t\t\t<div class=\"elementor-element elementor-element-d427787 elementor-column elementor-col-100 elementor-top-column\" data-id=\"d427787\" data-element_type=\"column\">\n\t\t\t<div class=\"elementor-column-wrap  elementor-element-populated\">\n\t\t\t\t\t<div class=\"elementor-widget-wrap\">\n\t\t\t\t<section class=\"elementor-element elementor-element-da07291 elementor-section-boxed elementor-section-height-default elementor-section-height-default elementor-section elementor-inner-section\" data-id=\"da07291\" data-element_type=\"section\">\n\t\t\t\t\t\t<div class=\"elementor-container elementor-column-gap-default\">\n\t\t\t\t<div class=\"elementor-row\">\n\t\t\t\t<div class=\"elementor-element elementor-element-fc090aa elementor-column elementor-col-50 elementor-inner-column\" data-id=\"fc090aa\" data-element_type=\"column\">\n\t\t\t<div class=\"elementor-column-wrap  elementor-element-populated\">\n\t\t\t\t\t<div class=\"elementor-widget-wrap\">\n\t\t\t\t<div class=\"elementor-element elementor-element-e20e80c elementor-widget elementor-widget-image\" data-id=\"e20e80c\" data-element_type=\"widget\" data-widget_type=\"image.default\">\n\t\t\t\t<div class=\"elementor-widget-container\">\n\t\t\t\t\t<div class=\"elementor-image\">\n\t\t\t\t\t\t\t<figure class=\"wp-caption\">\n\t\t\t\t\t\t\t\t\t\t<img width=\"1000\" height=\"700\" src=\"https:\/\/www.mair-research.com\/wp-content\/uploads\/2020\/05\/macchine-di-taglio-abrasivo-barre-intro.jpg\" class=\"attachment-full size-full\" alt=\"\" loading=\"lazy\" srcset=\"https:\/\/www.mair-research.com\/wp-content\/uploads\/2020\/05\/macchine-di-taglio-abrasivo-barre-intro.jpg 1000w, https:\/\/www.mair-research.com\/wp-content\/uploads\/2020\/05\/macchine-di-taglio-abrasivo-barre-intro-300x210.jpg 300w, https:\/\/www.mair-research.com\/wp-content\/uploads\/2020\/05\/macchine-di-taglio-abrasivo-barre-intro-768x538.jpg 768w, https:\/\/www.mair-research.com\/wp-content\/uploads\/2020\/05\/macchine-di-taglio-abrasivo-barre-intro-285x200.jpg 285w\" sizes=\"(max-width: 1000px) 100vw, 1000px\" \/>\t\t\t\t\t\t\t\t\t\t\t<figcaption class=\"widget-image-caption wp-caption-text\">Sierra Abrasiva TA 200<\/figcaption>\n\t\t\t\t\t\t\t\t\t\t<\/figure>\n\t\t\t\t\t<\/div>\n\t\t\t\t<\/div>\n\t\t\t\t<\/div>\n\t\t\t\t\t\t<\/div>\n\t\t\t<\/div>\n\t\t<\/div>\n\t\t\t\t<div class=\"elementor-element elementor-element-74afced elementor-column elementor-col-50 elementor-inner-column\" data-id=\"74afced\" data-element_type=\"column\">\n\t\t\t<div class=\"elementor-column-wrap  elementor-element-populated\">\n\t\t\t\t\t<div class=\"elementor-widget-wrap\">\n\t\t\t\t<div class=\"elementor-element elementor-element-e2da40e elementor-widget elementor-widget-heading\" data-id=\"e2da40e\" data-element_type=\"widget\" data-widget_type=\"heading.default\">\n\t\t\t\t<div class=\"elementor-widget-container\">\n\t\t\t<h1 class=\"elementor-heading-title elementor-size-default\">MAQUINAS DE CORTE CON DISCO ABRASIVO<\/h1>\t\t<\/div>\n\t\t\t\t<\/div>\n\t\t\t\t<div class=\"elementor-element elementor-element-e6158ce elementor-widget elementor-widget-text-editor\" data-id=\"e6158ce\" data-element_type=\"widget\" data-widget_type=\"text-editor.default\">\n\t\t\t\t<div class=\"elementor-widget-container\">\n\t\t\t\t\t<div class=\"elementor-text-editor elementor-clearfix\"><p class=\"desc_sub\">Las m\u00e1quinas de corte abrasivo han sido dise\u00f1adas para cumplir con los requisitos de los fabricantes de acero inoxidable y superaleaciones donde las cuchillas de carburo no pueden proporcionar un rendimiento adecuado.<br \/>Las m\u00e1quinas son completamente autom\u00e1ticas y inclujen filtros de succi\u00f3n adecuados que garantizan mantener un ambiente de trabajo limpio y saludable. Los controles avanzados de las velocidades y presiones de corte permiten optimizar la vida \u00fatil de las muelas. Las m\u00e1quinas producidas en varios tama\u00f1os permiten procesar barras de 10 a 350 mm de di\u00e1metro.<\/p><\/div>\n\t\t\t\t<\/div>\n\t\t\t\t<\/div>\n\t\t\t\t\t\t<\/div>\n\t\t\t<\/div>\n\t\t<\/div>\n\t\t\t\t\t\t<\/div>\n\t\t\t<\/div>\n\t\t<\/section>\n\t\t\t\t<section class=\"elementor-element elementor-element-1abf263 elementor-section-boxed elementor-section-height-default elementor-section-height-default elementor-section elementor-inner-section\" data-id=\"1abf263\" data-element_type=\"section\">\n\t\t\t\t\t\t<div class=\"elementor-container elementor-column-gap-default\">\n\t\t\t\t<div class=\"elementor-row\">\n\t\t\t\t<div class=\"elementor-element elementor-element-feccb20 elementor-column elementor-col-100 elementor-inner-column\" data-id=\"feccb20\" data-element_type=\"column\">\n\t\t\t<div class=\"elementor-column-wrap  elementor-element-populated\">\n\t\t\t\t\t<div class=\"elementor-widget-wrap\">\n\t\t\t\t<div class=\"elementor-element elementor-element-6662b10 elementor-widget elementor-widget-spacer\" data-id=\"6662b10\" data-element_type=\"widget\" data-widget_type=\"spacer.default\">\n\t\t\t\t<div class=\"elementor-widget-container\">\n\t\t\t\t\t<div class=\"elementor-spacer\">\n\t\t\t<div class=\"elementor-spacer-inner\"><\/div>\n\t\t<\/div>\n\t\t\t\t<\/div>\n\t\t\t\t<\/div>\n\t\t\t\t\t\t<\/div>\n\t\t\t<\/div>\n\t\t<\/div>\n\t\t\t\t\t\t<\/div>\n\t\t\t<\/div>\n\t\t<\/section>\n\t\t\t\t<section class=\"elementor-element elementor-element-3d5a3b4 elementor-section-boxed elementor-section-height-default elementor-section-height-default elementor-section elementor-inner-section\" data-id=\"3d5a3b4\" data-element_type=\"section\" data-settings=\"{&quot;background_background&quot;:&quot;classic&quot;}\">\n\t\t\t\t\t\t<div class=\"elementor-container elementor-column-gap-default\">\n\t\t\t\t<div class=\"elementor-row\">\n\t\t\t\t<div class=\"elementor-element elementor-element-07fe74b elementor-column elementor-col-33 elementor-inner-column\" data-id=\"07fe74b\" data-element_type=\"column\">\n\t\t\t<div class=\"elementor-column-wrap  elementor-element-populated\">\n\t\t\t\t\t<div class=\"elementor-widget-wrap\">\n\t\t\t\t<div class=\"elementor-element elementor-element-a7e8933 elementor-widget elementor-widget-image\" data-id=\"a7e8933\" data-element_type=\"widget\" data-widget_type=\"image.default\">\n\t\t\t\t<div class=\"elementor-widget-container\">\n\t\t\t\t\t<div class=\"elementor-image\">\n\t\t\t\t\t\t\t<figure class=\"wp-caption\">\n\t\t\t\t\t\t\t\t\t\t<img width=\"800\" height=\"561\" src=\"https:\/\/www.mair-research.com\/wp-content\/uploads\/2020\/05\/macchine-di-taglio-abrasivo-barre-foto1.jpg\" class=\"attachment-full size-full\" alt=\"\" loading=\"lazy\" srcset=\"https:\/\/www.mair-research.com\/wp-content\/uploads\/2020\/05\/macchine-di-taglio-abrasivo-barre-foto1.jpg 800w, https:\/\/www.mair-research.com\/wp-content\/uploads\/2020\/05\/macchine-di-taglio-abrasivo-barre-foto1-300x210.jpg 300w, https:\/\/www.mair-research.com\/wp-content\/uploads\/2020\/05\/macchine-di-taglio-abrasivo-barre-foto1-768x539.jpg 768w, https:\/\/www.mair-research.com\/wp-content\/uploads\/2020\/05\/macchine-di-taglio-abrasivo-barre-foto1-285x200.jpg 285w\" sizes=\"(max-width: 800px) 100vw, 800px\" \/>\t\t\t\t\t\t\t\t\t\t\t<figcaption class=\"widget-image-caption wp-caption-text\">Sierra Abrasiva TA 100<\/figcaption>\n\t\t\t\t\t\t\t\t\t\t<\/figure>\n\t\t\t\t\t<\/div>\n\t\t\t\t<\/div>\n\t\t\t\t<\/div>\n\t\t\t\t\t\t<\/div>\n\t\t\t<\/div>\n\t\t<\/div>\n\t\t\t\t<div class=\"elementor-element elementor-element-0aeb9f5 elementor-column elementor-col-33 elementor-inner-column\" data-id=\"0aeb9f5\" data-element_type=\"column\">\n\t\t\t<div class=\"elementor-column-wrap  elementor-element-populated\">\n\t\t\t\t\t<div class=\"elementor-widget-wrap\">\n\t\t\t\t<div class=\"elementor-element elementor-element-175c7b7 elementor-widget elementor-widget-image\" data-id=\"175c7b7\" data-element_type=\"widget\" data-widget_type=\"image.default\">\n\t\t\t\t<div class=\"elementor-widget-container\">\n\t\t\t\t\t<div class=\"elementor-image\">\n\t\t\t\t\t\t\t<figure class=\"wp-caption\">\n\t\t\t\t\t\t\t\t\t\t<img width=\"800\" height=\"561\" src=\"https:\/\/www.mair-research.com\/wp-content\/uploads\/2020\/05\/macchine-di-taglio-abrasivo-barre-foto2.jpg\" class=\"attachment-full size-full\" alt=\"\" loading=\"lazy\" srcset=\"https:\/\/www.mair-research.com\/wp-content\/uploads\/2020\/05\/macchine-di-taglio-abrasivo-barre-foto2.jpg 800w, https:\/\/www.mair-research.com\/wp-content\/uploads\/2020\/05\/macchine-di-taglio-abrasivo-barre-foto2-300x210.jpg 300w, https:\/\/www.mair-research.com\/wp-content\/uploads\/2020\/05\/macchine-di-taglio-abrasivo-barre-foto2-768x539.jpg 768w, https:\/\/www.mair-research.com\/wp-content\/uploads\/2020\/05\/macchine-di-taglio-abrasivo-barre-foto2-285x200.jpg 285w\" sizes=\"(max-width: 800px) 100vw, 800px\" \/>\t\t\t\t\t\t\t\t\t\t\t<figcaption class=\"widget-image-caption wp-caption-text\">Cambio de disco TA 100<\/figcaption>\n\t\t\t\t\t\t\t\t\t\t<\/figure>\n\t\t\t\t\t<\/div>\n\t\t\t\t<\/div>\n\t\t\t\t<\/div>\n\t\t\t\t\t\t<\/div>\n\t\t\t<\/div>\n\t\t<\/div>\n\t\t\t\t<div class=\"elementor-element elementor-element-8fc3932 elementor-column elementor-col-33 elementor-inner-column\" data-id=\"8fc3932\" data-element_type=\"column\">\n\t\t\t<div class=\"elementor-column-wrap  elementor-element-populated\">\n\t\t\t\t\t<div class=\"elementor-widget-wrap\">\n\t\t\t\t<div class=\"elementor-element elementor-element-1bc0010 elementor-widget elementor-widget-image\" data-id=\"1bc0010\" data-element_type=\"widget\" data-widget_type=\"image.default\">\n\t\t\t\t<div class=\"elementor-widget-container\">\n\t\t\t\t\t<div class=\"elementor-image\">\n\t\t\t\t\t\t\t<figure class=\"wp-caption\">\n\t\t\t\t\t\t\t\t\t\t<img width=\"800\" height=\"561\" src=\"https:\/\/www.mair-research.com\/wp-content\/uploads\/2020\/05\/macchine-di-taglio-abrasivo-barre-foto3.jpg\" class=\"attachment-full size-full\" alt=\"\" loading=\"lazy\" srcset=\"https:\/\/www.mair-research.com\/wp-content\/uploads\/2020\/05\/macchine-di-taglio-abrasivo-barre-foto3.jpg 800w, https:\/\/www.mair-research.com\/wp-content\/uploads\/2020\/05\/macchine-di-taglio-abrasivo-barre-foto3-300x210.jpg 300w, https:\/\/www.mair-research.com\/wp-content\/uploads\/2020\/05\/macchine-di-taglio-abrasivo-barre-foto3-768x539.jpg 768w, https:\/\/www.mair-research.com\/wp-content\/uploads\/2020\/05\/macchine-di-taglio-abrasivo-barre-foto3-285x200.jpg 285w\" sizes=\"(max-width: 800px) 100vw, 800px\" \/>\t\t\t\t\t\t\t\t\t\t\t<figcaption class=\"widget-image-caption wp-caption-text\">Sierra Abrasiva TA 130<\/figcaption>\n\t\t\t\t\t\t\t\t\t\t<\/figure>\n\t\t\t\t\t<\/div>\n\t\t\t\t<\/div>\n\t\t\t\t<\/div>\n\t\t\t\t\t\t<\/div>\n\t\t\t<\/div>\n\t\t<\/div>\n\t\t\t\t\t\t<\/div>\n\t\t\t<\/div>\n\t\t<\/section>\n\t\t\t\t\t\t<\/div>\n\t\t\t<\/div>\n\t\t<\/div>\n\t\t\t\t\t\t<\/div>\n\t\t\t<\/div>\n\t\t<\/section>\n\t\t\t\t<section class=\"elementor-element elementor-element-24348fe animated-slow elementor-section-boxed elementor-section-height-default elementor-section-height-default elementor-invisible elementor-section elementor-top-section\" data-id=\"24348fe\" data-element_type=\"section\" data-settings=\"{&quot;animation&quot;:&quot;fadeInUp&quot;,&quot;background_background&quot;:&quot;classic&quot;}\">\n\t\t\t\t\t\t<div class=\"elementor-container elementor-column-gap-default\">\n\t\t\t\t<div class=\"elementor-row\">\n\t\t\t\t<div class=\"elementor-element elementor-element-30e4e85 elementor-column elementor-col-100 elementor-top-column\" data-id=\"30e4e85\" data-element_type=\"column\">\n\t\t\t<div class=\"elementor-column-wrap  elementor-element-populated\">\n\t\t\t\t\t<div class=\"elementor-widget-wrap\">\n\t\t\t\t<section class=\"elementor-element elementor-element-63c1bae elementor-section-boxed elementor-section-height-default elementor-section-height-default elementor-section elementor-inner-section\" data-id=\"63c1bae\" data-element_type=\"section\">\n\t\t\t\t\t\t<div class=\"elementor-container elementor-column-gap-default\">\n\t\t\t\t<div class=\"elementor-row\">\n\t\t\t\t<div class=\"elementor-element elementor-element-0b6118b elementor-column elementor-col-100 elementor-inner-column\" data-id=\"0b6118b\" data-element_type=\"column\">\n\t\t\t<div class=\"elementor-column-wrap  elementor-element-populated\">\n\t\t\t\t\t<div class=\"elementor-widget-wrap\">\n\t\t\t\t<div class=\"elementor-element elementor-element-3e2f02a elementor-widget elementor-widget-text-editor\" data-id=\"3e2f02a\" data-element_type=\"widget\" data-widget_type=\"text-editor.default\">\n\t\t\t\t<div class=\"elementor-widget-container\">\n\t\t\t\t\t<div class=\"elementor-text-editor elementor-clearfix\">\nSolicitud de informaci\u00f3n<\/div>\n\t\t\t\t<\/div>\n\t\t\t\t<\/div>\n\t\t\t\t<div class=\"elementor-element elementor-element-77be3a8 elementor-widget elementor-widget-text-editor\" data-id=\"77be3a8\" data-element_type=\"widget\" data-widget_type=\"text-editor.default\">\n\t\t\t\t<div class=\"elementor-widget-container\">\n\t\t\t\t\t<div class=\"elementor-text-editor elementor-clearfix\">\u00bfQuieres m\u00e1s informaci\u00f3n sobre nuestras m\u00e1quinas?<\/div>\n\t\t\t\t<\/div>\n\t\t\t\t<\/div>\n\t\t\t\t<div class=\"elementor-element elementor-element-64384a5 elementor-align-center elementor-mobile-align-center elementor-widget elementor-widget-button\" data-id=\"64384a5\" data-element_type=\"widget\" data-widget_type=\"button.default\">\n\t\t\t\t<div class=\"elementor-widget-container\">\n\t\t\t\t\t<div class=\"elementor-button-wrapper\">\n\t\t\t<a href=\"https:\/\/www.mair-research.com\/es\/contactos\/\" class=\"elementor-button-link elementor-button elementor-size-md\" role=\"button\">\n\t\t\t\t\t\t<span class=\"elementor-button-content-wrapper\">\n\t\t\t\t\t\t<span class=\"elementor-button-text\">Cont\u00e1ctenos<\/span>\n\t\t<\/span>\n\t\t\t\t\t<\/a>\n\t\t<\/div>\n\t\t\t\t<\/div>\n\t\t\t\t<\/div>\n\t\t\t\t\t\t<\/div>\n\t\t\t<\/div>\n\t\t<\/div>\n\t\t\t\t\t\t<\/div>\n\t\t\t<\/div>\n\t\t<\/section>\n\t\t\t\t\t\t<\/div>\n\t\t\t<\/div>\n\t\t<\/div>\n\t\t\t\t\t\t<\/div>\n\t\t\t<\/div>\n\t\t<\/section>\n\t\t\t\t<section class=\"elementor-element elementor-element-ee5c66c elementor-section-boxed elementor-section-height-default elementor-section-height-default elementor-section elementor-top-section\" data-id=\"ee5c66c\" data-element_type=\"section\" data-settings=\"{&quot;background_background&quot;:&quot;gradient&quot;}\">\n\t\t\t\t\t\t<div class=\"elementor-container elementor-column-gap-default\">\n\t\t\t\t<div class=\"elementor-row\">\n\t\t\t\t<div class=\"elementor-element elementor-element-4e70429 elementor-column elementor-col-100 elementor-top-column\" data-id=\"4e70429\" data-element_type=\"column\">\n\t\t\t<div class=\"elementor-column-wrap  elementor-element-populated\">\n\t\t\t\t\t<div class=\"elementor-widget-wrap\">\n\t\t\t\t<div class=\"elementor-element elementor-element-7c5025b elementor-position-left elementor-vertical-align-middle elementor-widget elementor-widget-image-box\" data-id=\"7c5025b\" data-element_type=\"widget\" data-widget_type=\"image-box.default\">\n\t\t\t\t<div class=\"elementor-widget-container\">\n\t\t\t<div class=\"elementor-image-box-wrapper\"><figure class=\"elementor-image-box-img\"><img width=\"150\" height=\"144\" src=\"https:\/\/www.mair-research.com\/wp-content\/uploads\/2020\/02\/ISO_9001-dnv-gl-mair-research150.png\" class=\"attachment-full size-full\" alt=\"\" loading=\"lazy\" \/><\/figure><div class=\"elementor-image-box-content\"><h3 class=\"elementor-image-box-title\">La excelencia de nuestra producci\u00f3n queda demostrada por la adopci\u00f3n de la certificaci\u00f3n ISO 9001 extendida al dise\u00f1o.<\/h3><\/div><\/div>\t\t<\/div>\n\t\t\t\t<\/div>\n\t\t\t\t\t\t<\/div>\n\t\t\t<\/div>\n\t\t<\/div>\n\t\t\t\t\t\t<\/div>\n\t\t\t<\/div>\n\t\t<\/section>\n\t\t\t\t\t\t<\/div>\n\t\t\t<\/div>\n\t\t<\/div>\n\t\t","protected":false},"excerpt":{"rendered":"<p>Home | Divisi\u00f3n Barras Sierra Abrasiva TA 200 MAQUINAS DE CORTE CON DISCO ABRASIVO Las m\u00e1quinas de corte&#8230;<\/p>\n","protected":false},"author":7,"featured_media":0,"parent":0,"menu_order":0,"comment_status":"closed","ping_status":"closed","template":"elementor_canvas","meta":[],"_links":{"self":[{"href":"https:\/\/www.mair-research.com\/es\/wp-json\/wp\/v2\/pages\/5930"}],"collection":[{"href":"https:\/\/www.mair-research.com\/es\/wp-json\/wp\/v2\/pages"}],"about":[{"href":"https:\/\/www.mair-research.com\/es\/wp-json\/wp\/v2\/types\/page"}],"author":[{"embeddable":true,"href":"https:\/\/www.mair-research.com\/es\/wp-json\/wp\/v2\/users\/7"}],"replies":[{"embeddable":true,"href":"https:\/\/www.mair-research.com\/es\/wp-json\/wp\/v2\/comments?post=5930"}],"version-history":[{"count":10,"href":"https:\/\/www.mair-research.com\/es\/wp-json\/wp\/v2\/pages\/5930\/revisions"}],"predecessor-version":[{"id":8945,"href":"https:\/\/www.mair-research.com\/es\/wp-json\/wp\/v2\/pages\/5930\/revisions\/8945"}],"wp:attachment":[{"href":"https:\/\/www.mair-research.com\/es\/wp-json\/wp\/v2\/media?parent=5930"}],"curies":[{"name":"wp","href":"https:\/\/api.w.org\/{rel}","templated":true}]}}