{"id":5903,"date":"2020-10-24T13:33:25","date_gmt":"2020-10-24T13:33:25","guid":{"rendered":"http:\/\/www.s-pcdemo.com\/mair\/?page_id=5903"},"modified":"2023-12-12T09:19:04","modified_gmt":"2023-12-12T09:19:04","slug":"pointers-tubos","status":"publish","type":"page","link":"https:\/\/www.mair-research.com\/es\/pointers-tubos\/","title":{"rendered":"Pointers tubos"},"content":{"rendered":"\t\t<div data-elementor-type=\"wp-post\" data-elementor-id=\"5903\" class=\"elementor elementor-5903 elementor-4856\" data-elementor-settings=\"[]\">\n\t\t\t<div class=\"elementor-inner\">\n\t\t\t\t<div class=\"elementor-section-wrap\">\n\t\t\t\t\t\t\t<section data-particle_enable=\"false\" data-particle-mobile-disabled=\"false\" class=\"elementor-element elementor-element-593f6a1 elementor-section-height-min-height elementor-section-content-middle elementor-section-stretched elementor-section-full_width elementor-section-height-default elementor-section-items-middle elementor-section elementor-top-section\" data-id=\"593f6a1\" data-element_type=\"section\" data-settings=\"{&quot;background_background&quot;:&quot;classic&quot;,&quot;stretch_section&quot;:&quot;section-stretched&quot;}\">\n\t\t\t\t\t\t\t<div class=\"elementor-background-overlay\"><\/div>\n\t\t\t\t\t\t\t<div class=\"elementor-container elementor-column-gap-default\">\n\t\t\t\t<div class=\"elementor-row\">\n\t\t\t\t<div class=\"elementor-element elementor-element-6d65ba1 elementor-column elementor-col-100 elementor-top-column\" data-id=\"6d65ba1\" data-element_type=\"column\">\n\t\t\t<div class=\"elementor-column-wrap  elementor-element-populated\">\n\t\t\t\t\t<div class=\"elementor-widget-wrap\">\n\t\t\t\t<div class=\"elementor-element elementor-element-bb14fb1 elementor-widget elementor-widget-text-editor\" data-id=\"bb14fb1\" data-element_type=\"widget\" data-widget_type=\"text-editor.default\">\n\t\t\t\t<div class=\"elementor-widget-container\">\n\t\t\t\t\t<div class=\"elementor-text-editor elementor-clearfix\"><p style=\"font-size: 20px; text-align: left;\"><span style=\"color: #ffffff;\"><a style=\"color: #ffffff;\" href=\"https:\/\/www.mair-research.com\/es\/\">Home<\/a> | <a style=\"color: #ffffff;\" href=\"https:\/\/www.mair-research.com\/es\/division-tubos\/\">Divisi\u00f3n Tubos<\/a><\/span><\/p><\/div>\n\t\t\t\t<\/div>\n\t\t\t\t<\/div>\n\t\t\t\t\t\t<\/div>\n\t\t\t<\/div>\n\t\t<\/div>\n\t\t\t\t\t\t<\/div>\n\t\t\t<\/div>\n\t\t<\/section>\n\t\t\t\t<section data-particle_enable=\"false\" data-particle-mobile-disabled=\"false\" class=\"elementor-element elementor-element-0fc18e8 animated-slow elementor-section-boxed elementor-section-height-default elementor-section-height-default elementor-invisible elementor-section elementor-top-section\" data-id=\"0fc18e8\" data-element_type=\"section\" data-settings=\"{&quot;animation&quot;:&quot;fadeInUp&quot;}\">\n\t\t\t\t\t\t<div class=\"elementor-container elementor-column-gap-default\">\n\t\t\t\t<div class=\"elementor-row\">\n\t\t\t\t<div class=\"elementor-element elementor-element-6c1542a elementor-column elementor-col-100 elementor-top-column\" data-id=\"6c1542a\" data-element_type=\"column\">\n\t\t\t<div class=\"elementor-column-wrap  elementor-element-populated\">\n\t\t\t\t\t<div class=\"elementor-widget-wrap\">\n\t\t\t\t<section data-particle_enable=\"false\" data-particle-mobile-disabled=\"false\" class=\"elementor-element elementor-element-780e126 elementor-section-boxed elementor-section-height-default elementor-section-height-default elementor-section elementor-inner-section\" data-id=\"780e126\" data-element_type=\"section\">\n\t\t\t\t\t\t<div class=\"elementor-container elementor-column-gap-default\">\n\t\t\t\t<div class=\"elementor-row\">\n\t\t\t\t<div class=\"elementor-element elementor-element-9dce008 elementor-column elementor-col-50 elementor-inner-column\" data-id=\"9dce008\" data-element_type=\"column\">\n\t\t\t<div class=\"elementor-column-wrap  elementor-element-populated\">\n\t\t\t\t\t<div class=\"elementor-widget-wrap\">\n\t\t\t\t<div class=\"elementor-element elementor-element-97e3f6e elementor-widget elementor-widget-image\" data-id=\"97e3f6e\" data-element_type=\"widget\" data-widget_type=\"image.default\">\n\t\t\t\t<div class=\"elementor-widget-container\">\n\t\t\t\t\t<div class=\"elementor-image\">\n\t\t\t\t\t\t\t<figure class=\"wp-caption\">\n\t\t\t\t\t\t\t\t\t\t<img width=\"1000\" height=\"700\" src=\"https:\/\/www.mair-research.com\/wp-content\/uploads\/2020\/05\/appuntitrici-tubi-intro.jpg\" class=\"attachment-full size-full\" alt=\"\" loading=\"lazy\" srcset=\"https:\/\/www.mair-research.com\/wp-content\/uploads\/2020\/05\/appuntitrici-tubi-intro.jpg 1000w, https:\/\/www.mair-research.com\/wp-content\/uploads\/2020\/05\/appuntitrici-tubi-intro-300x210.jpg 300w, https:\/\/www.mair-research.com\/wp-content\/uploads\/2020\/05\/appuntitrici-tubi-intro-768x538.jpg 768w, https:\/\/www.mair-research.com\/wp-content\/uploads\/2020\/05\/appuntitrici-tubi-intro-285x200.jpg 285w\" sizes=\"(max-width: 1000px) 100vw, 1000px\" \/>\t\t\t\t\t\t\t\t\t\t\t<figcaption class=\"widget-image-caption wp-caption-text\">Pointers APH 100<\/figcaption>\n\t\t\t\t\t\t\t\t\t\t<\/figure>\n\t\t\t\t\t<\/div>\n\t\t\t\t<\/div>\n\t\t\t\t<\/div>\n\t\t\t\t\t\t<\/div>\n\t\t\t<\/div>\n\t\t<\/div>\n\t\t\t\t<div class=\"elementor-element elementor-element-ce81f18 elementor-column elementor-col-50 elementor-inner-column\" data-id=\"ce81f18\" data-element_type=\"column\">\n\t\t\t<div class=\"elementor-column-wrap  elementor-element-populated\">\n\t\t\t\t\t<div class=\"elementor-widget-wrap\">\n\t\t\t\t<div class=\"elementor-element elementor-element-0e9233f elementor-widget elementor-widget-heading\" data-id=\"0e9233f\" data-element_type=\"widget\" data-widget_type=\"heading.default\">\n\t\t\t\t<div class=\"elementor-widget-container\">\n\t\t\t<h1 class=\"elementor-heading-title elementor-size-default\">POINTERS<\/h1>\t\t<\/div>\n\t\t\t\t<\/div>\n\t\t\t\t<div class=\"elementor-element elementor-element-65d753c elementor-widget elementor-widget-text-editor\" data-id=\"65d753c\" data-element_type=\"widget\" data-widget_type=\"text-editor.default\">\n\t\t\t\t<div class=\"elementor-widget-container\">\n\t\t\t\t\t<div class=\"elementor-text-editor elementor-clearfix\"><p class=\"desc_sub\">Mair produce sistemas de punteo de aplanamiento y martellado para tubos de diametros desde 12mm asta 160 mm.<\/p>\n<p class=\"desc_sub\">Los sistemas especiales y el ajuste autom\u00e1tico de centrado permiten cambios r\u00e1pidos de producci\u00f3n y puntas rectas para una inserci\u00f3n \u00f3ptima en el banco de tiro.<\/p><\/div>\n\t\t\t\t<\/div>\n\t\t\t\t<\/div>\n\t\t\t\t\t\t<\/div>\n\t\t\t<\/div>\n\t\t<\/div>\n\t\t\t\t\t\t<\/div>\n\t\t\t<\/div>\n\t\t<\/section>\n\t\t\t\t<section data-particle_enable=\"false\" data-particle-mobile-disabled=\"false\" class=\"elementor-element elementor-element-949bab7 elementor-section-boxed elementor-section-height-default elementor-section-height-default elementor-section elementor-inner-section\" data-id=\"949bab7\" data-element_type=\"section\">\n\t\t\t\t\t\t<div class=\"elementor-container elementor-column-gap-default\">\n\t\t\t\t<div class=\"elementor-row\">\n\t\t\t\t<div class=\"elementor-element elementor-element-d1c6ea4 elementor-column elementor-col-100 elementor-inner-column\" data-id=\"d1c6ea4\" data-element_type=\"column\">\n\t\t\t<div class=\"elementor-column-wrap  elementor-element-populated\">\n\t\t\t\t\t<div class=\"elementor-widget-wrap\">\n\t\t\t\t<div class=\"elementor-element elementor-element-1aa6f7a elementor-widget elementor-widget-spacer\" data-id=\"1aa6f7a\" data-element_type=\"widget\" data-widget_type=\"spacer.default\">\n\t\t\t\t<div class=\"elementor-widget-container\">\n\t\t\t\t\t<div class=\"elementor-spacer\">\n\t\t\t<div class=\"elementor-spacer-inner\"><\/div>\n\t\t<\/div>\n\t\t\t\t<\/div>\n\t\t\t\t<\/div>\n\t\t\t\t\t\t<\/div>\n\t\t\t<\/div>\n\t\t<\/div>\n\t\t\t\t\t\t<\/div>\n\t\t\t<\/div>\n\t\t<\/section>\n\t\t\t\t<section data-particle_enable=\"false\" data-particle-mobile-disabled=\"false\" class=\"elementor-element elementor-element-111cb62 elementor-section-boxed elementor-section-height-default elementor-section-height-default elementor-section elementor-inner-section\" data-id=\"111cb62\" data-element_type=\"section\" data-settings=\"{&quot;background_background&quot;:&quot;classic&quot;}\">\n\t\t\t\t\t\t<div class=\"elementor-container elementor-column-gap-default\">\n\t\t\t\t<div class=\"elementor-row\">\n\t\t\t\t<div class=\"elementor-element elementor-element-f5caede elementor-column elementor-col-33 elementor-inner-column\" data-id=\"f5caede\" data-element_type=\"column\">\n\t\t\t<div class=\"elementor-column-wrap  elementor-element-populated\">\n\t\t\t\t\t<div class=\"elementor-widget-wrap\">\n\t\t\t\t<div class=\"elementor-element elementor-element-ef4295e elementor-widget elementor-widget-image\" data-id=\"ef4295e\" data-element_type=\"widget\" data-widget_type=\"image.default\">\n\t\t\t\t<div class=\"elementor-widget-container\">\n\t\t\t\t\t<div class=\"elementor-image\">\n\t\t\t\t\t\t\t<figure class=\"wp-caption\">\n\t\t\t\t\t\t\t\t\t\t<img width=\"800\" height=\"561\" src=\"https:\/\/www.mair-research.com\/wp-content\/uploads\/2020\/05\/appuntitrici-tubi-foto1.jpg\" class=\"attachment-full size-full\" alt=\"\" loading=\"lazy\" srcset=\"https:\/\/www.mair-research.com\/wp-content\/uploads\/2020\/05\/appuntitrici-tubi-foto1.jpg 800w, https:\/\/www.mair-research.com\/wp-content\/uploads\/2020\/05\/appuntitrici-tubi-foto1-300x210.jpg 300w, https:\/\/www.mair-research.com\/wp-content\/uploads\/2020\/05\/appuntitrici-tubi-foto1-768x539.jpg 768w, https:\/\/www.mair-research.com\/wp-content\/uploads\/2020\/05\/appuntitrici-tubi-foto1-285x200.jpg 285w\" sizes=\"(max-width: 800px) 100vw, 800px\" \/>\t\t\t\t\t\t\t\t\t\t\t<figcaption class=\"widget-image-caption wp-caption-text\">Pointers APM 100<\/figcaption>\n\t\t\t\t\t\t\t\t\t\t<\/figure>\n\t\t\t\t\t<\/div>\n\t\t\t\t<\/div>\n\t\t\t\t<\/div>\n\t\t\t\t\t\t<\/div>\n\t\t\t<\/div>\n\t\t<\/div>\n\t\t\t\t<div class=\"elementor-element elementor-element-45339a6 elementor-column elementor-col-33 elementor-inner-column\" data-id=\"45339a6\" data-element_type=\"column\">\n\t\t\t<div class=\"elementor-column-wrap  elementor-element-populated\">\n\t\t\t\t\t<div class=\"elementor-widget-wrap\">\n\t\t\t\t<div class=\"elementor-element elementor-element-d5b586d elementor-widget elementor-widget-image\" data-id=\"d5b586d\" data-element_type=\"widget\" data-widget_type=\"image.default\">\n\t\t\t\t<div class=\"elementor-widget-container\">\n\t\t\t\t\t<div class=\"elementor-image\">\n\t\t\t\t\t\t\t<figure class=\"wp-caption\">\n\t\t\t\t\t\t\t\t\t\t<img width=\"800\" height=\"561\" src=\"https:\/\/www.mair-research.com\/wp-content\/uploads\/2020\/05\/appuntitrici-tubi-foto2.jpg\" class=\"attachment-full size-full\" alt=\"\" loading=\"lazy\" srcset=\"https:\/\/www.mair-research.com\/wp-content\/uploads\/2020\/05\/appuntitrici-tubi-foto2.jpg 800w, https:\/\/www.mair-research.com\/wp-content\/uploads\/2020\/05\/appuntitrici-tubi-foto2-300x210.jpg 300w, https:\/\/www.mair-research.com\/wp-content\/uploads\/2020\/05\/appuntitrici-tubi-foto2-768x539.jpg 768w, https:\/\/www.mair-research.com\/wp-content\/uploads\/2020\/05\/appuntitrici-tubi-foto2-285x200.jpg 285w\" sizes=\"(max-width: 800px) 100vw, 800px\" \/>\t\t\t\t\t\t\t\t\t\t\t<figcaption class=\"widget-image-caption wp-caption-text\">Pointers APH 130<\/figcaption>\n\t\t\t\t\t\t\t\t\t\t<\/figure>\n\t\t\t\t\t<\/div>\n\t\t\t\t<\/div>\n\t\t\t\t<\/div>\n\t\t\t\t\t\t<\/div>\n\t\t\t<\/div>\n\t\t<\/div>\n\t\t\t\t<div class=\"elementor-element elementor-element-30c9ace elementor-column elementor-col-33 elementor-inner-column\" data-id=\"30c9ace\" data-element_type=\"column\">\n\t\t\t<div class=\"elementor-column-wrap  elementor-element-populated\">\n\t\t\t\t\t<div class=\"elementor-widget-wrap\">\n\t\t\t\t<div class=\"elementor-element elementor-element-1997e5e elementor-widget elementor-widget-image\" data-id=\"1997e5e\" data-element_type=\"widget\" data-widget_type=\"image.default\">\n\t\t\t\t<div class=\"elementor-widget-container\">\n\t\t\t\t\t<div class=\"elementor-image\">\n\t\t\t\t\t\t\t<figure class=\"wp-caption\">\n\t\t\t\t\t\t\t\t\t\t<img width=\"800\" height=\"561\" src=\"https:\/\/www.mair-research.com\/wp-content\/uploads\/2020\/05\/appuntitrici-tubi-foto3.jpg\" class=\"attachment-full size-full\" alt=\"\" loading=\"lazy\" srcset=\"https:\/\/www.mair-research.com\/wp-content\/uploads\/2020\/05\/appuntitrici-tubi-foto3.jpg 800w, https:\/\/www.mair-research.com\/wp-content\/uploads\/2020\/05\/appuntitrici-tubi-foto3-300x210.jpg 300w, https:\/\/www.mair-research.com\/wp-content\/uploads\/2020\/05\/appuntitrici-tubi-foto3-768x539.jpg 768w, https:\/\/www.mair-research.com\/wp-content\/uploads\/2020\/05\/appuntitrici-tubi-foto3-285x200.jpg 285w\" sizes=\"(max-width: 800px) 100vw, 800px\" \/>\t\t\t\t\t\t\t\t\t\t\t<figcaption class=\"widget-image-caption wp-caption-text\">APM 100<\/figcaption>\n\t\t\t\t\t\t\t\t\t\t<\/figure>\n\t\t\t\t\t<\/div>\n\t\t\t\t<\/div>\n\t\t\t\t<\/div>\n\t\t\t\t\t\t<\/div>\n\t\t\t<\/div>\n\t\t<\/div>\n\t\t\t\t\t\t<\/div>\n\t\t\t<\/div>\n\t\t<\/section>\n\t\t\t\t\t\t<\/div>\n\t\t\t<\/div>\n\t\t<\/div>\n\t\t\t\t\t\t<\/div>\n\t\t\t<\/div>\n\t\t<\/section>\n\t\t\t\t<section data-particle_enable=\"false\" data-particle-mobile-disabled=\"false\" class=\"elementor-element elementor-element-cee6003 animated-slow elementor-section-boxed elementor-section-height-default elementor-section-height-default elementor-invisible elementor-section elementor-top-section\" data-id=\"cee6003\" data-element_type=\"section\" data-settings=\"{&quot;animation&quot;:&quot;fadeInUp&quot;,&quot;background_background&quot;:&quot;classic&quot;}\">\n\t\t\t\t\t\t<div class=\"elementor-container elementor-column-gap-default\">\n\t\t\t\t<div class=\"elementor-row\">\n\t\t\t\t<div class=\"elementor-element elementor-element-7fe6456 elementor-column elementor-col-100 elementor-top-column\" data-id=\"7fe6456\" data-element_type=\"column\">\n\t\t\t<div class=\"elementor-column-wrap  elementor-element-populated\">\n\t\t\t\t\t<div class=\"elementor-widget-wrap\">\n\t\t\t\t<section data-particle_enable=\"false\" data-particle-mobile-disabled=\"false\" class=\"elementor-element elementor-element-7b61739 elementor-section-boxed elementor-section-height-default elementor-section-height-default elementor-section elementor-inner-section\" data-id=\"7b61739\" data-element_type=\"section\">\n\t\t\t\t\t\t<div class=\"elementor-container elementor-column-gap-default\">\n\t\t\t\t<div class=\"elementor-row\">\n\t\t\t\t<div class=\"elementor-element elementor-element-1d91523 elementor-column elementor-col-100 elementor-inner-column\" data-id=\"1d91523\" data-element_type=\"column\">\n\t\t\t<div class=\"elementor-column-wrap  elementor-element-populated\">\n\t\t\t\t\t<div class=\"elementor-widget-wrap\">\n\t\t\t\t<div class=\"elementor-element elementor-element-7fedc63 elementor-widget elementor-widget-text-editor\" data-id=\"7fedc63\" data-element_type=\"widget\" data-widget_type=\"text-editor.default\">\n\t\t\t\t<div class=\"elementor-widget-container\">\n\t\t\t\t\t<div class=\"elementor-text-editor elementor-clearfix\">\nSolicitud de informaci\u00f3n<\/div>\n\t\t\t\t<\/div>\n\t\t\t\t<\/div>\n\t\t\t\t<div class=\"elementor-element elementor-element-9c46e7f elementor-widget elementor-widget-text-editor\" data-id=\"9c46e7f\" data-element_type=\"widget\" data-widget_type=\"text-editor.default\">\n\t\t\t\t<div class=\"elementor-widget-container\">\n\t\t\t\t\t<div class=\"elementor-text-editor elementor-clearfix\">\u00bfQuieres m\u00e1s informaci\u00f3n sobre nuestras m\u00e1quinas?<\/div>\n\t\t\t\t<\/div>\n\t\t\t\t<\/div>\n\t\t\t\t<div class=\"elementor-element elementor-element-07ff55c elementor-align-center elementor-mobile-align-center elementor-widget elementor-widget-button\" data-id=\"07ff55c\" data-element_type=\"widget\" data-widget_type=\"button.default\">\n\t\t\t\t<div class=\"elementor-widget-container\">\n\t\t\t\t\t<div class=\"elementor-button-wrapper\">\n\t\t\t<a href=\"https:\/\/www.mair-research.com\/es\/contactos\/\" class=\"elementor-button-link elementor-button elementor-size-md\" role=\"button\">\n\t\t\t\t\t\t<span class=\"elementor-button-content-wrapper\">\n\t\t\t\t\t\t<span class=\"elementor-button-text\">Cont\u00e1ctenos<\/span>\n\t\t<\/span>\n\t\t\t\t\t<\/a>\n\t\t<\/div>\n\t\t\t\t<\/div>\n\t\t\t\t<\/div>\n\t\t\t\t\t\t<\/div>\n\t\t\t<\/div>\n\t\t<\/div>\n\t\t\t\t\t\t<\/div>\n\t\t\t<\/div>\n\t\t<\/section>\n\t\t\t\t\t\t<\/div>\n\t\t\t<\/div>\n\t\t<\/div>\n\t\t\t\t\t\t<\/div>\n\t\t\t<\/div>\n\t\t<\/section>\n\t\t\t\t<section data-particle_enable=\"false\" data-particle-mobile-disabled=\"false\" class=\"elementor-element elementor-element-d937a08 elementor-section-boxed elementor-section-height-default elementor-section-height-default elementor-section elementor-top-section\" data-id=\"d937a08\" data-element_type=\"section\" data-settings=\"{&quot;background_background&quot;:&quot;gradient&quot;}\">\n\t\t\t\t\t\t<div class=\"elementor-container elementor-column-gap-default\">\n\t\t\t\t<div class=\"elementor-row\">\n\t\t\t\t<div class=\"elementor-element elementor-element-27a7c0c elementor-column elementor-col-100 elementor-top-column\" data-id=\"27a7c0c\" data-element_type=\"column\">\n\t\t\t<div class=\"elementor-column-wrap  elementor-element-populated\">\n\t\t\t\t\t<div class=\"elementor-widget-wrap\">\n\t\t\t\t<div class=\"elementor-element elementor-element-645fdd3 elementor-position-left elementor-vertical-align-middle elementor-widget elementor-widget-image-box\" data-id=\"645fdd3\" data-element_type=\"widget\" data-widget_type=\"image-box.default\">\n\t\t\t\t<div class=\"elementor-widget-container\">\n\t\t\t<div class=\"elementor-image-box-wrapper\"><figure class=\"elementor-image-box-img\"><img width=\"150\" height=\"144\" src=\"https:\/\/www.mair-research.com\/wp-content\/uploads\/2020\/02\/ISO_9001-dnv-gl-mair-research150.png\" class=\"attachment-full size-full\" alt=\"\" loading=\"lazy\" \/><\/figure><div class=\"elementor-image-box-content\"><h3 class=\"elementor-image-box-title\">La excelencia de nuestra producci\u00f3n queda demostrada por la adopci\u00f3n de la certificaci\u00f3n ISO 9001 extendida al dise\u00f1o.<\/h3><\/div><\/div>\t\t<\/div>\n\t\t\t\t<\/div>\n\t\t\t\t\t\t<\/div>\n\t\t\t<\/div>\n\t\t<\/div>\n\t\t\t\t\t\t<\/div>\n\t\t\t<\/div>\n\t\t<\/section>\n\t\t\t\t\t\t<\/div>\n\t\t\t<\/div>\n\t\t<\/div>\n\t\t","protected":false},"excerpt":{"rendered":"<p>Home | Divisi\u00f3n Tubos Pointers APH 100 POINTERS Mair produce sistemas de punteo de aplanamiento y martellado para&#8230;<\/p>\n","protected":false},"author":1,"featured_media":0,"parent":0,"menu_order":0,"comment_status":"closed","ping_status":"closed","template":"elementor_canvas","meta":[],"_links":{"self":[{"href":"https:\/\/www.mair-research.com\/es\/wp-json\/wp\/v2\/pages\/5903"}],"collection":[{"href":"https:\/\/www.mair-research.com\/es\/wp-json\/wp\/v2\/pages"}],"about":[{"href":"https:\/\/www.mair-research.com\/es\/wp-json\/wp\/v2\/types\/page"}],"author":[{"embeddable":true,"href":"https:\/\/www.mair-research.com\/es\/wp-json\/wp\/v2\/users\/1"}],"replies":[{"embeddable":true,"href":"https:\/\/www.mair-research.com\/es\/wp-json\/wp\/v2\/comments?post=5903"}],"version-history":[{"count":9,"href":"https:\/\/www.mair-research.com\/es\/wp-json\/wp\/v2\/pages\/5903\/revisions"}],"predecessor-version":[{"id":8931,"href":"https:\/\/www.mair-research.com\/es\/wp-json\/wp\/v2\/pages\/5903\/revisions\/8931"}],"wp:attachment":[{"href":"https:\/\/www.mair-research.com\/es\/wp-json\/wp\/v2\/media?parent=5903"}],"curies":[{"name":"wp","href":"https:\/\/api.w.org\/{rel}","templated":true}]}}